{"id":3547,"date":"2024-01-04T11:01:17","date_gmt":"2024-01-04T11:01:17","guid":{"rendered":"https:\/\/www.jnv-webdesign.nl\/Projecten\/rt-dak\/?page_id=3547"},"modified":"2024-06-05T08:22:13","modified_gmt":"2024-06-05T08:22:13","slug":"over-ons","status":"publish","type":"page","link":"https:\/\/www.jnv-webdesign.nl\/Projecten\/rt-dak\/over-ons\/","title":{"rendered":"Over ons"},"content":{"rendered":"<section class=\"l-section wpb_row us_custom_d2680b50 height_huge color_primary parallax_ver\"><div class=\"l-section-overlay\" style=\"background:rgba(15,19,31,0.45)\"><\/div><div class=\"l-section-h i-cf\"><div class=\"g-cols vc_row via_grid cols_1 laptops-cols_inherit tablets-cols_inherit mobiles-cols_1 valign_top type_default stacking_default\"><div class=\"wpb_column vc_column_container\"><div class=\"vc_column-inner\">[vc_custom_heading source=&#8221;post_title&#8221; font_container=&#8221;tag:h1|text_align:center&#8221; use_theme_fonts=&#8221;yes&#8221;]<\/div><\/div><\/div><\/div><\/section><section class=\"l-section wpb_row us_custom_e2df2ad1 height_medium\"><div class=\"l-section-h i-cf\"><div class=\"g-cols vc_row via_grid cols_1-3 laptops-cols_inherit tablets-cols_inherit mobiles-cols_1 valign_top type_default stacking_default\"><div class=\"wpb_column vc_column_container us_custom_1f257949\"><div class=\"vc_column-inner\"><div class=\"w-image rij-links align_none\"><div class=\"w-image-h\"><img decoding=\"async\" width=\"682\" height=\"1024\" src=\"https:\/\/www.jnv-webdesign.nl\/Projecten\/rt-dak\/wp-content\/uploads\/2023\/12\/worker-7043152_1280-682x1024.jpg\" class=\"attachment-large size-large\" alt=\"\" srcset=\"https:\/\/www.jnv-webdesign.nl\/Projecten\/rt-dak\/wp-content\/uploads\/2023\/12\/worker-7043152_1280-682x1024.jpg 682w, https:\/\/www.jnv-webdesign.nl\/Projecten\/rt-dak\/wp-content\/uploads\/2023\/12\/worker-7043152_1280-200x300.jpg 200w, https:\/\/www.jnv-webdesign.nl\/Projecten\/rt-dak\/wp-content\/uploads\/2023\/12\/worker-7043152_1280.jpg 853w\" sizes=\"(max-width: 682px) 100vw, 682px\" \/><\/div><\/div><\/div><\/div><div class=\"wpb_column vc_column_container\"><div class=\"vc_column-inner\"><div class=\"wpb_text_column\"><div class=\"wpb_wrapper\"><p>RT Dak is gespecialiseerd in werkzaamheden op platte en licht hellende daken, ter voorbereiding van zonnepaneleninstallaties. Wij bieden een uitgebreid scala aan diensten, vari\u00ebrend van dakdoorvoeren of montage ankers, tot inspecties en volledige dakrenovaties.<\/p>\n<p>Wat begon als een specialisatie in traditionele dakpannen voor een periode van ruim 7 jaar, is uitgegroeid tot een focus op duurzame oplossingen voor platte daken, met name gericht op de groeiende vraag naar zonnepanelen. Sindsdien hebben wij ons volledig toegelegd op de verduurzaming van platte en licht hellende daken.<\/p>\n<p>Vanuit deze basis is RT Dak ontstaan, een allround dienstverlener met specialisaties in dakwerkzaamheden voor zonnepanelen.<\/p>\n<p>Onze expertise in combinatie met onze veelzijdigheid biedt aanzienlijke voordelen voor onze klanten. Doordat we meerdere vakgebieden bestrijken, kunnen we een breed scala aan diensten leveren die verder gaan dan alleen dakdekken.<\/p>\n<p>Dit betekent dat we niet alleen dakdoorvoeren plaatsen en de kabels aansluiten, maar ook andere dakwerkzaamheden zoals het plaatsen van montage ankers, inspecties en renovaties voor platte daken. Door alles onder \u00e9\u00e9n dak aan te bieden, kunnen onze klanten genieten van gemak, effici\u00ebntie en consistente kwaliteit.<\/p>\n<p>Met RT Dak krijg je niet alleen een dakdekker, maar een complete oplossing voor al je dakbehoeften.<\/p>\n<p>Neem vandaag nog <a href=\"https:\/\/www.jnv-webdesign.nl\/Projecten\/rt-dak\/contact\/\">contact met ons op<\/a> en ontdek zelf waarom RT Dak de ideale partner is voor al je dakwerkzaamheden.<\/p>\n<p>Met zonnige groet,<\/p>\n<p>Robin Tappel<\/p>\n<p>Eigenaar, RT Dak<\/p>\n<\/div><\/div><\/div><\/div><\/div><\/div><\/section><section class=\"l-section wpb_row us_custom_a7bc3937 height_medium\"><div class=\"l-section-h i-cf\"><div class=\"g-cols vc_row via_grid cols_1 laptops-cols_inherit tablets-cols_inherit mobiles-cols_1 valign_middle type_default reversed\" style=\"--gap:5vw;\"><div class=\"wpb_column vc_column_container us_custom_94a90ded us_animate_this has_bg_color\"><div class=\"vc_column-inner\"><div class=\"wpb_text_column us_custom_5372a688\"><div class=\"wpb_wrapper\"><h2>Onze Missie<\/h2>\n<p>We streven ernaar om elke klant een op maat gemaakte oplossing te bieden die voldoet aan hun specifieke wensen. Door onze brede kennis en ervaring kunnen we elke uitdaging aan, en nemen we onze klanten alle zorgen uit handen.<\/p>\n<p>Samen met ons team van betrouwbare partners staan wij garant voor kwaliteit, vakmanschap en service. Onze missie is om jouw ervaring met RT Dak moeiteloos en zorgeloos te maken, van begin tot eind. We kijken ernaar uit om met u samen te werken aan uw volgende project en u te helpen bij het realiseren van uw duurzame energiedoelen.<\/p>\n<\/div><\/div><\/div><\/div><\/div><\/div><\/section><section class=\"l-section wpb_row us_custom_4a46b9c1 height_medium\"><div class=\"l-section-h i-cf\"><div class=\"g-cols vc_row via_grid cols_1 laptops-cols_inherit tablets-cols_inherit mobiles-cols_1 valign_top type_default stacking_default\"><div class=\"wpb_column vc_column_container\"><div class=\"vc_column-inner\"><div class=\"wpb_text_column us_custom_eecd5a9b\"><div class=\"wpb_wrapper\"><h2>Anderen over RT Dak<\/h2>\n<\/div><\/div><div class=\"w-separator size_medium\"><\/div><div class=\"w-grid rij-testimonials type_grid layout_testimonial_1 cols_3\" id=\"us_grid_1\" style=\"--gap:1.5rem;\" data-filterable=\"true\"><style>@media (max-width:1024px){#us_grid_1 .w-grid-item{width:50%}}@media (max-width:600px){#us_grid_1 .w-grid-list{margin:0}#us_grid_1 .w-grid-item{width:100%;padding:0;margin-bottom:var(--gap,0px)}}.layout_testimonial_1 .w-grid-item-h{}.layout_testimonial_1 .usg_vwrapper_1{transition-duration:0.3s;transform-origin:50% 50%;transform:scale(1) translate(0%,0%)}.layout_testimonial_1 .w-grid-item-h:hover .usg_vwrapper_1{transform:scale(1) translate(0%,0%);opacity:1;border-color:var(--color-content-primary)!important}.layout_testimonial_1 .usg_vwrapper_1{border-radius:0.3rem!important;padding:2rem!important;border:2px solid var(--color-content-border)!important}.layout_testimonial_1 .usg_hwrapper_1{margin-bottom:1rem!important}.layout_testimonial_1 .usg_post_image_1{width:4rem!important;margin-left:0!important;margin-right:1rem!important}.layout_testimonial_1 .usg_post_custom_field_1{font-weight:700!important;line-height:1.5!important;margin-bottom:0!important}.layout_testimonial_1 .usg_post_custom_field_2{color:var(--color-content-faded)!important;font-size:0.9rem!important;line-height:1.5!important}.layout_testimonial_1 .usg_post_custom_field_3{color:var(--color-content-primary)!important}@media (min-width:1025px) and (max-width:1380px){.layout_testimonial_1 .usg_vwrapper_1{border-radius:0.3rem!important;padding:2rem!important;border:2px solid var(--color-content-border)!important}.layout_testimonial_1 .usg_hwrapper_1{margin-bottom:1rem!important}.layout_testimonial_1 .usg_post_image_1{width:4rem!important;margin-left:0!important;margin-right:1rem!important}.layout_testimonial_1 .usg_post_custom_field_1{font-weight:700!important;line-height:1.5!important;margin-bottom:0!important}.layout_testimonial_1 .usg_post_custom_field_2{color:var(--color-content-faded)!important;font-size:0.9rem!important;line-height:1.5!important}.layout_testimonial_1 .usg_post_custom_field_3{color:var(--color-content-primary)!important}}@media (min-width:601px) and (max-width:1024px){.layout_testimonial_1 .usg_vwrapper_1{border-radius:0.3rem!important;padding:2rem!important;border:2px solid var(--color-content-border)!important}.layout_testimonial_1 .usg_hwrapper_1{margin-bottom:1rem!important}.layout_testimonial_1 .usg_post_image_1{width:4rem!important;margin-left:0!important;margin-right:1rem!important}.layout_testimonial_1 .usg_post_custom_field_1{font-weight:700!important;line-height:1.5!important;margin-bottom:0!important}.layout_testimonial_1 .usg_post_custom_field_2{color:var(--color-content-faded)!important;font-size:0.9rem!important;line-height:1.5!important}.layout_testimonial_1 .usg_post_custom_field_3{color:var(--color-content-primary)!important}}@media (max-width:600px){.layout_testimonial_1 .usg_vwrapper_1{border-radius:0.3rem!important;padding:2rem!important;border:2px solid var(--color-content-border)!important}.layout_testimonial_1 .usg_hwrapper_1{margin-bottom:1rem!important}.layout_testimonial_1 .usg_post_image_1{width:4rem!important;margin-left:0!important;margin-right:1rem!important}.layout_testimonial_1 .usg_post_custom_field_1{font-weight:700!important;line-height:1.5!important;margin-bottom:0!important}.layout_testimonial_1 .usg_post_custom_field_2{color:var(--color-content-faded)!important;font-size:0.9rem!important;line-height:1.5!important}.layout_testimonial_1 .usg_post_custom_field_3{color:var(--color-content-primary)!important}}<\/style><div class=\"w-grid-list\">\t<article class=\"w-grid-item size_1x1 post-3002 us_testimonial type-us_testimonial status-publish has-post-thumbnail hentry\" data-id=\"3002\">\r\n\t\t<div class=\"w-grid-item-h\">\r\n\t\t\t\t\t\t<div class=\"w-vwrapper usg_vwrapper_1 align_none valign_top\"><div class=\"w-post-elm post_content usg_post_content_1\"><p>A great theme with a strong team behind it. Really love it. I\u2019ve bought twice and will buy again if needed\u2026 Thanks for the great support too!<\/p>\n<\/div><div class=\"w-hwrapper usg_hwrapper_1 align_none valign_middle\"><div class=\"w-post-elm post_image usg_post_image_1 as_circle has_width stretched\"><img decoding=\"async\" width=\"150\" height=\"150\" src=\"https:\/\/www.jnv-webdesign.nl\/Projecten\/rt-dak\/wp-content\/uploads\/2016\/11\/Schermafbeelding-2024-01-04-om-12.11.00-150x150.png\" class=\"attachment-thumbnail size-thumbnail wp-post-image\" alt=\"\" \/><\/div><div class=\"w-vwrapper usg_vwrapper_2 align_none valign_top\"><div class=\"w-post-elm post_custom_field usg_post_custom_field_1 type_text us_testimonial_author\"><span class=\"w-post-elm-value\">Mr. Nobody<\/span><\/div><div class=\"w-post-elm post_custom_field usg_post_custom_field_2 has_text_color type_text us_testimonial_role color_link_inherit\"><span class=\"w-post-elm-value\">via the App Store<\/span><\/div><\/div><\/div><\/div>\t\t<\/div>\r\n\t<\/article>\r\n\t<article class=\"w-grid-item size_1x1 post-3001 us_testimonial type-us_testimonial status-publish has-post-thumbnail hentry\" data-id=\"3001\">\r\n\t\t<div class=\"w-grid-item-h\">\r\n\t\t\t\t\t\t<div class=\"w-vwrapper usg_vwrapper_1 align_none valign_top\"><div class=\"w-post-elm post_content usg_post_content_1\"><p>I&#8217;m working with this theme since 2014. Still going strong and manage several websites with this theme every day! Great team @ upsolution!<\/p>\n<\/div><div class=\"w-hwrapper usg_hwrapper_1 align_none valign_middle\"><div class=\"w-post-elm post_image usg_post_image_1 as_circle has_width stretched\"><img decoding=\"async\" width=\"150\" height=\"150\" src=\"https:\/\/www.jnv-webdesign.nl\/Projecten\/rt-dak\/wp-content\/uploads\/2016\/11\/Schermafbeelding-2024-01-04-om-12.10.28-150x150.png\" class=\"attachment-thumbnail size-thumbnail wp-post-image\" alt=\"\" \/><\/div><div class=\"w-vwrapper usg_vwrapper_2 align_none valign_top\"><div class=\"w-post-elm post_custom_field usg_post_custom_field_1 type_text us_testimonial_author\"><span class=\"w-post-elm-value\">Yves Mooiophetweb<\/span><\/div><div class=\"w-post-elm post_custom_field usg_post_custom_field_2 has_text_color type_text us_testimonial_role color_link_inherit\"><span class=\"w-post-elm-value\">via the App Store<\/span><\/div><\/div><\/div><\/div>\t\t<\/div>\r\n\t<\/article>\r\n\t<article class=\"w-grid-item size_1x1 post-3000 us_testimonial type-us_testimonial status-publish has-post-thumbnail hentry\" data-id=\"3000\">\r\n\t\t<div class=\"w-grid-item-h\">\r\n\t\t\t\t\t\t<div class=\"w-vwrapper usg_vwrapper_1 align_none valign_top\"><div class=\"w-post-elm post_content usg_post_content_1\"><p>Realy modern responsive wordpress theme with cool features and a lot of flexibility. The support is also perfect and the bugs get fixed realy fast.<\/p>\n<\/div><div class=\"w-hwrapper usg_hwrapper_1 align_none valign_middle\"><div class=\"w-post-elm post_image usg_post_image_1 as_circle has_width stretched\"><img decoding=\"async\" width=\"150\" height=\"150\" src=\"https:\/\/www.jnv-webdesign.nl\/Projecten\/rt-dak\/wp-content\/uploads\/2016\/11\/Schermafbeelding-2024-01-04-om-12.10.12-150x150.png\" class=\"attachment-thumbnail size-thumbnail wp-post-image\" alt=\"\" \/><\/div><div class=\"w-vwrapper usg_vwrapper_2 align_none valign_top\"><div class=\"w-post-elm post_custom_field usg_post_custom_field_1 type_text us_testimonial_author\"><span class=\"w-post-elm-value\">Casparticus<\/span><\/div><div class=\"w-post-elm post_custom_field usg_post_custom_field_2 has_text_color type_text us_testimonial_role color_link_inherit\"><span class=\"w-post-elm-value\">via the App Store<\/span><\/div><\/div><\/div><\/div>\t\t<\/div>\r\n\t<\/article>\r\n<\/div><div class=\"w-grid-preloader\">\t<div class=\"g-preloader type_1\">\r\n\t\t<div><\/div>\r\n\t<\/div>\r\n\t<\/div>\t<div class=\"w-grid-json hidden\" onclick='return {&quot;action&quot;:&quot;us_ajax_grid&quot;,&quot;ajax_url&quot;:&quot;https:\\\/\\\/www.jnv-webdesign.nl\\\/Projecten\\\/rt-dak\\\/wp-admin\\\/admin-ajax.php&quot;,&quot;infinite_scroll&quot;:0,&quot;max_num_pages&quot;:2,&quot;pagination&quot;:&quot;none&quot;,&quot;template_vars&quot;:{&quot;columns&quot;:&quot;3&quot;,&quot;exclude_items&quot;:&quot;none&quot;,&quot;img_size&quot;:&quot;default&quot;,&quot;ignore_items_size&quot;:0,&quot;items_layout&quot;:&quot;testimonial_1&quot;,&quot;items_offset&quot;:&quot;1&quot;,&quot;load_animation&quot;:&quot;none&quot;,&quot;overriding_link&quot;:&quot;%7B%22url%22%3A%22%22%7D&quot;,&quot;post_id&quot;:0,&quot;query_args&quot;:{&quot;post_type&quot;:[&quot;us_testimonial&quot;],&quot;post_status&quot;:[&quot;publish&quot;],&quot;posts_per_page&quot;:&quot;3&quot;},&quot;orderby_query_args&quot;:{&quot;orderby&quot;:{&quot;date&quot;:&quot;ASC&quot;}},&quot;type&quot;:&quot;grid&quot;,&quot;us_grid_ajax_index&quot;:1,&quot;us_grid_filter_params&quot;:[],&quot;us_grid_index&quot;:1,&quot;_us_grid_post_type&quot;:&quot;us_testimonial&quot;,&quot;page_args&quot;:[]}}'><\/div>\r\n\t<\/div><\/div><\/div><\/div><\/div><\/section><section class=\"l-section wpb_row directcontact height_medium\"><div class=\"l-section-h i-cf\"><div class=\"g-cols vc_row via_grid cols_2-1 laptops-cols_inherit tablets-cols_inherit mobiles-cols_1 valign_top type_default stacking_default\"><div class=\"wpb_column vc_column_container\"><div class=\"vc_column-inner\"><div class=\"g-cols wpb_row via_grid cols_1-5 laptops-cols_inherit tablets-cols_inherit mobiles-cols_1 valign_top type_default stacking_default\" style=\"--gap:0px;\"><div class=\"wpb_column vc_column_container us_custom_fc44c5a6 shadow-icon\"><div class=\"vc_column-inner\"><div class=\"w-iconbox us_custom_f82d2530 shadow-icon iconpos_top style_circle color_custom align_center no_text no_title\"><div class=\"w-iconbox-icon\" style=\"font-size:25px;--icon-color:var(--color-header-middle-bg);--icon-bg-color:var(--color-header-middle-text-hover);\"><i class=\"fas fa-phone-alt\"><\/i><\/div><div class=\"w-iconbox-meta\"><\/div><\/div><\/div><\/div><div class=\"wpb_column vc_column_container\"><div class=\"vc_column-inner\">[vc_custom_heading text=&#8221;Direct contact? Bel +31 6 21452819\u202c&#8221; font_container=&#8221;tag:h3|text_align:left&#8221; use_theme_fonts=&#8221;yes&#8221; css=&#8221;%7B%22default%22%3A%7B%22text-align%22%3A%22inherit%22%2C%22margin-left%22%3A%22-15px%22%2C%22margin-top%22%3A%2210px%22%7D%2C%22laptops%22%3A%7B%22text-align%22%3A%22inherit%22%2C%22margin-left%22%3A%22-15px%22%2C%22margin-top%22%3A%2210px%22%7D%2C%22tablets%22%3A%7B%22text-align%22%3A%22center%22%2C%22margin-left%22%3A%22%22%2C%22margin-top%22%3A%22%22%7D%2C%22mobiles%22%3A%7B%22text-align%22%3A%22center%22%2C%22margin-left%22%3A%22%22%2C%22margin-top%22%3A%22%22%7D%7D&#8221;]<\/div><\/div><\/div><\/div><\/div><div class=\"wpb_column vc_column_container us_custom_f8c2889d\"><div class=\"vc_column-inner\"><div class=\"w-btn-wrapper default_align_right laptops_align_right tablets_align_center mobiles_align_center\"><a class=\"w-btn us-btn-style_1\" href=\"https:\/\/www.jnv-webdesign.nl\/Projecten\/rt-dak\/contact\/\"><span class=\"w-btn-label\">Stuur een email<\/span><\/a><\/div><\/div><\/div><\/div><\/div><\/section>\n","protected":false},"excerpt":{"rendered":"Realy modern responsive wordpress theme with cool features and a lot of flexibility. The support is also perfect and the bugs get fixed realy fast.","protected":false},"author":1,"featured_media":0,"parent":0,"menu_order":0,"comment_status":"closed","ping_status":"closed","template":"","meta":{"footnotes":""},"yoast_head":"<!-- This site is optimized with the Yoast SEO plugin v22.1 - https:\/\/yoast.com\/wordpress\/plugins\/seo\/ -->\n<title>Over ons - RT-Dak<\/title>\n<meta name=\"robots\" content=\"noindex, follow, max-snippet:-1, max-image-preview:large, max-video-preview:-1\" \/>\n<meta property=\"og:locale\" content=\"nl_NL\" \/>\n<meta property=\"og:type\" content=\"article\" \/>\n<meta property=\"og:title\" content=\"Over ons - RT-Dak\" \/>\n<meta property=\"og:url\" content=\"https:\/\/www.jnv-webdesign.nl\/Projecten\/rt-dak\/over-ons\/\" \/>\n<meta property=\"og:site_name\" content=\"RT-Dak\" \/>\n<meta property=\"article:modified_time\" content=\"2024-06-05T08:22:13+00:00\" \/>\n<meta name=\"twitter:card\" content=\"summary_large_image\" \/>\n<meta name=\"twitter:label1\" content=\"Geschatte leestijd\" \/>\n\t<meta name=\"twitter:data1\" content=\"2 minuten\" \/>\n<script type=\"application\/ld+json\" class=\"yoast-schema-graph\">{\"@context\":\"https:\/\/schema.org\",\"@graph\":[{\"@type\":\"WebPage\",\"@id\":\"https:\/\/www.jnv-webdesign.nl\/Projecten\/rt-dak\/over-ons\/\",\"url\":\"https:\/\/www.jnv-webdesign.nl\/Projecten\/rt-dak\/over-ons\/\",\"name\":\"Over ons - RT-Dak\",\"isPartOf\":{\"@id\":\"https:\/\/www.jnv-webdesign.nl\/Projecten\/rt-dak\/#website\"},\"datePublished\":\"2024-01-04T11:01:17+00:00\",\"dateModified\":\"2024-06-05T08:22:13+00:00\",\"breadcrumb\":{\"@id\":\"https:\/\/www.jnv-webdesign.nl\/Projecten\/rt-dak\/over-ons\/#breadcrumb\"},\"inLanguage\":\"nl-NL\",\"potentialAction\":[{\"@type\":\"ReadAction\",\"target\":[\"https:\/\/www.jnv-webdesign.nl\/Projecten\/rt-dak\/over-ons\/\"]}]},{\"@type\":\"BreadcrumbList\",\"@id\":\"https:\/\/www.jnv-webdesign.nl\/Projecten\/rt-dak\/over-ons\/#breadcrumb\",\"itemListElement\":[{\"@type\":\"ListItem\",\"position\":1,\"name\":\"Home\",\"item\":\"https:\/\/www.jnv-webdesign.nl\/Projecten\/rt-dak\/\"},{\"@type\":\"ListItem\",\"position\":2,\"name\":\"Over ons\"}]},{\"@type\":\"WebSite\",\"@id\":\"https:\/\/www.jnv-webdesign.nl\/Projecten\/rt-dak\/#website\",\"url\":\"https:\/\/www.jnv-webdesign.nl\/Projecten\/rt-dak\/\",\"name\":\"RT-Dak\",\"description\":\"Just another WordPress site\",\"potentialAction\":[{\"@type\":\"SearchAction\",\"target\":{\"@type\":\"EntryPoint\",\"urlTemplate\":\"https:\/\/www.jnv-webdesign.nl\/Projecten\/rt-dak\/?s={search_term_string}\"},\"query-input\":\"required name=search_term_string\"}],\"inLanguage\":\"nl-NL\"}]}<\/script>\n<!-- \/ Yoast SEO plugin. -->","yoast_head_json":{"title":"Over ons - RT-Dak","robots":{"index":"noindex","follow":"follow","max-snippet":"max-snippet:-1","max-image-preview":"max-image-preview:large","max-video-preview":"max-video-preview:-1"},"og_locale":"nl_NL","og_type":"article","og_title":"Over ons - RT-Dak","og_url":"https:\/\/www.jnv-webdesign.nl\/Projecten\/rt-dak\/over-ons\/","og_site_name":"RT-Dak","article_modified_time":"2024-06-05T08:22:13+00:00","twitter_card":"summary_large_image","twitter_misc":{"Geschatte leestijd":"2 minuten"},"schema":{"@context":"https:\/\/schema.org","@graph":[{"@type":"WebPage","@id":"https:\/\/www.jnv-webdesign.nl\/Projecten\/rt-dak\/over-ons\/","url":"https:\/\/www.jnv-webdesign.nl\/Projecten\/rt-dak\/over-ons\/","name":"Over ons - RT-Dak","isPartOf":{"@id":"https:\/\/www.jnv-webdesign.nl\/Projecten\/rt-dak\/#website"},"datePublished":"2024-01-04T11:01:17+00:00","dateModified":"2024-06-05T08:22:13+00:00","breadcrumb":{"@id":"https:\/\/www.jnv-webdesign.nl\/Projecten\/rt-dak\/over-ons\/#breadcrumb"},"inLanguage":"nl-NL","potentialAction":[{"@type":"ReadAction","target":["https:\/\/www.jnv-webdesign.nl\/Projecten\/rt-dak\/over-ons\/"]}]},{"@type":"BreadcrumbList","@id":"https:\/\/www.jnv-webdesign.nl\/Projecten\/rt-dak\/over-ons\/#breadcrumb","itemListElement":[{"@type":"ListItem","position":1,"name":"Home","item":"https:\/\/www.jnv-webdesign.nl\/Projecten\/rt-dak\/"},{"@type":"ListItem","position":2,"name":"Over ons"}]},{"@type":"WebSite","@id":"https:\/\/www.jnv-webdesign.nl\/Projecten\/rt-dak\/#website","url":"https:\/\/www.jnv-webdesign.nl\/Projecten\/rt-dak\/","name":"RT-Dak","description":"Just another WordPress site","potentialAction":[{"@type":"SearchAction","target":{"@type":"EntryPoint","urlTemplate":"https:\/\/www.jnv-webdesign.nl\/Projecten\/rt-dak\/?s={search_term_string}"},"query-input":"required name=search_term_string"}],"inLanguage":"nl-NL"}]}},"_links":{"self":[{"href":"https:\/\/www.jnv-webdesign.nl\/Projecten\/rt-dak\/wp-json\/wp\/v2\/pages\/3547"}],"collection":[{"href":"https:\/\/www.jnv-webdesign.nl\/Projecten\/rt-dak\/wp-json\/wp\/v2\/pages"}],"about":[{"href":"https:\/\/www.jnv-webdesign.nl\/Projecten\/rt-dak\/wp-json\/wp\/v2\/types\/page"}],"author":[{"embeddable":true,"href":"https:\/\/www.jnv-webdesign.nl\/Projecten\/rt-dak\/wp-json\/wp\/v2\/users\/1"}],"replies":[{"embeddable":true,"href":"https:\/\/www.jnv-webdesign.nl\/Projecten\/rt-dak\/wp-json\/wp\/v2\/comments?post=3547"}],"version-history":[{"count":38,"href":"https:\/\/www.jnv-webdesign.nl\/Projecten\/rt-dak\/wp-json\/wp\/v2\/pages\/3547\/revisions"}],"predecessor-version":[{"id":3853,"href":"https:\/\/www.jnv-webdesign.nl\/Projecten\/rt-dak\/wp-json\/wp\/v2\/pages\/3547\/revisions\/3853"}],"wp:attachment":[{"href":"https:\/\/www.jnv-webdesign.nl\/Projecten\/rt-dak\/wp-json\/wp\/v2\/media?parent=3547"}],"curies":[{"name":"wp","href":"https:\/\/api.w.org\/{rel}","templated":true}]}}